{"id":5,"date":"2022-09-09T12:39:10","date_gmt":"2022-09-09T10:39:10","guid":{"rendered":"https:\/\/comptabilitefs.be\/index.php\/one-page-express\/"},"modified":"2026-01-30T01:05:40","modified_gmt":"2026-01-30T00:05:40","slug":"one-page-express","status":"publish","type":"page","link":"https:\/\/comptabilitefs.be\/","title":{"rendered":"Front Page"},"content":{"rendered":"<div  id=\"preface\" style=\"background-color: rgb(255, 255, 255);\" data-label=\"Preface\" data-id=\"stripped-coloured-icon-boxes\" data-category=\"overlapable\" class=\"features-coloured-icon-boxes-section\" data-overlap=\"true\"> <div  class=\"gridContainer\"> <div  class=\"features-coloured-icon-boxes-innerrow flexbox-list dark-text\" data-type=\"row\"> <div  class=\"features-coloured-icon-boxes-featurecol cp3cols cp4cols-tablet\"> <div  class=\"features-coloured-icon-boxes-iconcontainer\" data-content-item-container=\"true\"> <i  data-cp-fa=\"true\" class=\"features-coloured-icon fa fa-calculator\"><\/i> <\/div> <h4  class=\"\">Services<\/h4><p  class=\"\">\u2013&nbsp; Comptabilit\u00e9&nbsp; &nbsp; &nbsp; &nbsp; &nbsp; &nbsp; &nbsp; &nbsp; &nbsp; &nbsp;<br >\u2013&nbsp; Fiscalit\u00e9&nbsp; &nbsp; &nbsp; &nbsp; &nbsp; &nbsp; &nbsp; &nbsp; &nbsp; &nbsp; &nbsp; &nbsp; &nbsp; &nbsp;&nbsp;<br >\u2013&nbsp; Cr\u00e9ation d\u2019entreprises\n<br >\u2013&nbsp; \u2026&nbsp; &nbsp; &nbsp; &nbsp; &nbsp; &nbsp; &nbsp; &nbsp; &nbsp; &nbsp; &nbsp; &nbsp; &nbsp; &nbsp; &nbsp; &nbsp; &nbsp; &nbsp; &nbsp; &nbsp;<\/p>   <\/div> <div  class=\"features-coloured-icon-boxes-featurecol cp3cols cp4cols-tablet\"> <div  class=\"features-coloured-icon-boxes-iconcontainer\" data-content-item-container=\"true\"> <i  data-cp-fa=\"true\" class=\"features-coloured-icon fa fa-money\"><\/i> <\/div> <h4  class=\"\">Honoraires<\/h4> <p  class=\"\">Des honoraires claires et sans surprises<\/p>  <\/div> <div  class=\"features-coloured-icon-boxes-featurecol cp3cols cp4cols-tablet\"> <div  class=\"features-coloured-icon-boxes-iconcontainer\" data-content-item-container=\"true\"> <i  data-cp-fa=\"true\" class=\"features-coloured-icon fa fa-home\"><\/i> <\/div> <h4  class=\"\">A propos<\/h4> <p  class=\"\">Jeune Comptable-Fiscaliste Stagiaire de l\u2019ITAA avec une exp\u00e9rience de 15 ans dans le monde de la comptabilit\u00e9<\/p>  <\/div> <div  class=\"features-coloured-icon-boxes-featurecol cp3cols cp4cols-tablet\"> <div  class=\"features-coloured-icon-boxes-iconcontainer\" data-content-item-container=\"true\"> <i  data-cp-fa=\"true\" class=\"features-coloured-icon fa fa-handshake-o\"><\/i> <\/div> <h4  class=\"\">Devenir Client<\/h4> <p  class=\"\">Vous souhaitez devenir client ?&nbsp;\n<br >Prenez contact avec nous !<\/p>  <h3  class=\"\">0486\/32.68.61<\/h3><\/div> <\/div> <\/div><\/div><div data-label=\"Overlapable\" data-id=\"stripped-features-overlapped-icons-section\" data-category=\"overlapable\" class=\"features-overlapped-icons-section stripped-features-overlapped-icons-section\" data-overlap=\"true\" id=\"overlapable-4\"  style=\"background-color: rgb(246, 246, 246);\"> <div class=\"\" > <div class=\"features-overlapped-icons-featuresrow flexbox-list\" data-type=\"row\" > <div class=\"features-large-icons-featcol cp12cols-tablet cp4cols\" > <div class=\"features-overlapped-icons-featinnerrow\" > <div class=\"features-icon-container\" ><i data-cp-fa=\"true\" class=\"font-icon-features-icon-container fa fa-user\" ><\/i> <\/div>\t<div data-type=\"column\" class=\"\" > <h4 class=\"\" >Personne Physique<\/h4>  <h1 class=\"\" >100 \u20ac<\/h1><\/div><\/div> <\/div> <div class=\"features-large-icons-featcol cp12cols-tablet cp4cols\" > <div class=\"features-overlapped-icons-featinnerrow\" > <div class=\"features-icon-container\" ><i data-cp-fa=\"true\" class=\"font-icon-features-icon-container fa fa-building\" ><\/i> <\/div>\t<div data-type=\"column\" class=\"\" > <h4 class=\"\" >Soci\u00e9t\u00e9<\/h4>  <h1 class=\"\" >300 \u20ac<\/h1><\/div><\/div> <\/div> <div class=\"features-large-icons-featcol cp12cols-tablet cp4cols\" > <div class=\"features-overlapped-icons-featinnerrow\" > <div class=\"features-icon-container\" ><i data-cp-fa=\"true\" class=\"font-icon-features-icon-container fa fa-user\" ><\/i> <\/div>\t<div data-type=\"column\" class=\"\" > <h4 class=\"\" >Ind\u00e9pendant Compl\u00e9mentaire<\/h4>  <h1 class=\"\" >75 \u20ac<\/h1><\/div><\/div> <\/div> <div class=\"features-large-icons-featcol cp12cols-tablet cp4cols\" > <div class=\"features-overlapped-icons-featinnerrow\" > <div class=\"features-icon-container\" ><i data-cp-fa=\"true\" class=\"font-icon-features-icon-container fa fa-gears\" ><\/i> <\/div>\t<div data-type=\"column\" class=\"\" > <h4 class=\"\" >Information Tarifaire<\/h4> <p class=\"\" >Nos tarifs sont donn\u00e9s \u00e0 titre indicatif. Nous privil\u00e9gions une facturation mensuelle forfaitaire, vous offrant une visibilit\u00e9 totale sur vos co\u00fbts. Ce forfait inclut l&rsquo;ensemble de vos prestations comptables et fiscales courantes. Fid\u00e8les \u00e0 notre r\u00f4le de partenaire, nos conseils et \u00e9changes t\u00e9l\u00e9phoniques ne sont pas surfactur\u00e9s, dans la limite d&rsquo;un usage raisonnable.Nos tarifs sont donn\u00e9s \u00e0 titre indicatif. Nous privil\u00e9gions une facturation mensuelle forfaitaire, vous offrant une visibilit\u00e9 totale sur vos co\u00fbts. Ce forfait inclut l&rsquo;ensemble de vos prestations comptables et fiscales courantes. Fid\u00e8les \u00e0 notre r\u00f4le de partenaire, nos conseils et \u00e9changes t\u00e9l\u00e9phoniques ne sont pas surfactur\u00e9s, dans la limite d&rsquo;un usage raisonnable.<\/p> <\/div><\/div> <\/div> <\/div> <\/div><\/div><div data-label=\"Content\" data-id=\"content-full-right-image-section\" data-category=\"content\" class=\"content-full-right-image-section\" id=\"content-2\"  style=\"background-color: rgb(255, 255, 255);\"> <div class=\"content-full-right-image-innerrow\" > <div class=\"content-full-right-image-textcol dynamic-color\" > <div data-type=\"column\" class=\"\" > <h5 class=\"\" >Votre comptabilit\u00e9 2.0 : Simplicit\u00e9, Rapidit\u00e9, Mobilit\u00e9.<\/h5>  <p class=\"\" >Oubliez les fardes de documents et les d\u00e9placements inutiles. Chez Comptabilit\u00e9 Fiscalit\u00e9 Services, nous avons fait le choix du 100% digital pour vous faire gagner du temps.Oubliez les fardes de documents et les d\u00e9placements inutiles. Chez Comptabilit\u00e9 Fiscalit\u00e9 Services, nous avons fait le choix du 100% digital pour vous faire gagner du temps.<\/p> <\/div> <div class=\"content-full-right-image-featuresrow\" > <div class=\"content-full-right-image-featurescol\" data-type=\"column\" > <h5 class=\"\" >Z\u00e9ro papier<\/h5> <p class=\"\" >Transmettez vos factures en un clic via une simple photo ou par e-mail.<\/p> <h5 class=\"\" >Acc\u00e8s WinAuditor Offert<\/h5> <p class=\"\" >En tant que client, nous vous offrons un acc\u00e8s personnel \u00e0 notre plateforme de gestion. Consultez vos r\u00e9sultats, vos paiements et votre tr\u00e9sorerie o\u00f9 que vous soyez.<\/p> <\/div> <div class=\"content-full-right-image-featurescol\" data-type=\"column\" > <h5 class=\"\" >Collaboration en temps r\u00e9el<\/h5> <p class=\"\" >Nous travaillons sur les m\u00eames chiffres, au m\u00eame moment.<\/p> <h5 class=\"\" >R\u00e9seau Peppol int\u00e9gr\u00e9<\/h5> <p class=\"\" >R\u00e9ception automatis\u00e9e de vos factures fournisseurs. Un module optionnel vous permet \u00e9galement de g\u00e9rer vos propres factures de vente en toute conformit\u00e9.<\/p> <\/div> <\/div> <\/div> <div data-bg=\"image\" class=\"content-full-right-image-imgcol\"  style=\"background-image: url(&quot;http:\/\/comptabilitefs.be\/wp-content\/uploads\/2026\/01\/Gemini_Generated_Image_r593knr593knr593.png&quot;);\"><\/div> <\/div><\/div><div  data-label=\"Team\" data-id=\"team-colors-section\" data-category=\"team\" class=\"team-colors-section\" id=\"team-1\" style=\"background-color: rgb(246, 246, 246);\"> <div  class=\"gridContainer\"> <div  class=\"team-colors-textcol dynamic-color\"> <h2 >Notre Equipe<\/h2> <p  class=\"\"><\/p> <\/div> <div  class=\"team-colors-membersrow dark-text\" data-type=\"row\"> <div  class=\"team-colors-membercol cp12cols cp12cols-tablet\"> <div  class=\"team-colors-membercard\"> <div  class=\"team-colors-background\"><\/div> <div  class=\"team-colors-memberinfo\" data-type=\"column\"> <h4  class=\"team-colors-membername\">Scime Francesco<\/h4> <p  class=\"team-colors-memberposition\">Expert-comptable Stagiaire ITAA<\/p>  <hr  class=\"team-colors-separator\"> <\/div> <div  class=\"team-colors-membericons\" data-type=\"group\"> <a  href=\"https:\/\/be.linkedin.com\/in\/francesco-scime-40a59819a\" target=\"_self\" rel=\"noopener\" class=\"\"><i  data-cp-fa=\"true\" class=\"team-colors-icon fa fa-linkedin\"><\/i><\/a> <a  href=\"https:\/\/www.facebook.com\/ComptabiliteFS\" target=\"_self\" rel=\"noopener\" class=\"\"><i  data-cp-fa=\"true\" class=\"fa team-colors-icon fa-facebook\"><\/i><\/a> <a  href=\"#\" target=\"_self\" data-reiki-hidden=\"true\" rel=\"noopener\"><i  data-cp-fa=\"true\" class=\"fa team-colors-icon fa-dribbble\"><\/i><\/a> <\/div> <\/div> <\/div>    <\/div> <\/div><\/div>","protected":false},"excerpt":{"rendered":"<p>Services\u2013&nbsp; Comptabilit\u00e9&nbsp; &nbsp; &nbsp; &nbsp; &nbsp; &nbsp; &nbsp; &nbsp; &nbsp; &nbsp;\u2013&nbsp; Fiscalit\u00e9&nbsp; &nbsp; &nbsp; &nbsp; &nbsp; &nbsp; &nbsp; &nbsp; &nbsp; &nbsp; &nbsp; &nbsp; &nbsp; &nbsp;&nbsp;\u2013&nbsp; Cr\u00e9ation d\u2019entreprises \u2013&nbsp; \u2026&nbsp; &nbsp; &nbsp; &nbsp; &nbsp; &nbsp; &nbsp; &nbsp; &nbsp; &nbsp; &nbsp; &nbsp; &nbsp; &nbsp; &nbsp; &nbsp; &nbsp; &nbsp; &nbsp; &nbsp; Honoraires Des honoraires claires et sans surprises&hellip; <br \/> <a class=\"button small blue\" href=\"https:\/\/comptabilitefs.be\/\">Lire la suite<\/a><\/p>\n","protected":false},"author":1,"featured_media":0,"parent":0,"menu_order":0,"comment_status":"closed","ping_status":"closed","template":"","meta":{"footnotes":""},"class_list":["post-5","page","type-page","status-publish","hentry"],"_links":{"self":[{"href":"https:\/\/comptabilitefs.be\/index.php\/wp-json\/wp\/v2\/pages\/5","targetHints":{"allow":["GET"]}}],"collection":[{"href":"https:\/\/comptabilitefs.be\/index.php\/wp-json\/wp\/v2\/pages"}],"about":[{"href":"https:\/\/comptabilitefs.be\/index.php\/wp-json\/wp\/v2\/types\/page"}],"author":[{"embeddable":true,"href":"https:\/\/comptabilitefs.be\/index.php\/wp-json\/wp\/v2\/users\/1"}],"replies":[{"embeddable":true,"href":"https:\/\/comptabilitefs.be\/index.php\/wp-json\/wp\/v2\/comments?post=5"}],"version-history":[{"count":23,"href":"https:\/\/comptabilitefs.be\/index.php\/wp-json\/wp\/v2\/pages\/5\/revisions"}],"predecessor-version":[{"id":153,"href":"https:\/\/comptabilitefs.be\/index.php\/wp-json\/wp\/v2\/pages\/5\/revisions\/153"}],"wp:attachment":[{"href":"https:\/\/comptabilitefs.be\/index.php\/wp-json\/wp\/v2\/media?parent=5"}],"curies":[{"name":"wp","href":"https:\/\/api.w.org\/{rel}","templated":true}]}}